{"id":954,"date":"2023-06-07T14:29:10","date_gmt":"2023-06-07T14:29:10","guid":{"rendered":"https:\/\/www.angelsroca.com\/?page_id=954"},"modified":"2023-06-21T09:35:45","modified_gmt":"2023-06-21T09:35:45","slug":"la-radiestesia-y-el-pendulo-hebreo","status":"publish","type":"page","link":"https:\/\/www.angelsroca.com\/ca\/la-radiestesia-y-el-pendulo-hebreo\/","title":{"rendered":"La Radiestesia y el P\u00e9ndulo Hebreo"},"content":{"rendered":"<div class=\"wp-block-columns is-layout-flex wp-container-core-columns-is-layout-9d6595d7 wp-block-columns-is-layout-flex\">\n<div class=\"wp-block-column is-layout-flow wp-block-column-is-layout-flow\" style=\"flex-basis:33.33%\">\n<figure class=\"wp-block-image size-full\"><img loading=\"lazy\" decoding=\"async\" width=\"640\" height=\"537\" src=\"https:\/\/www.angelsroca.com\/wp-content\/uploads\/2023\/06\/radiestesia-pendulo-hebreo-1.png\" alt=\"\" class=\"wp-image-955\" srcset=\"https:\/\/www.angelsroca.com\/wp-content\/uploads\/2023\/06\/radiestesia-pendulo-hebreo-1.png 640w, https:\/\/www.angelsroca.com\/wp-content\/uploads\/2023\/06\/radiestesia-pendulo-hebreo-1-300x252.png 300w, https:\/\/www.angelsroca.com\/wp-content\/uploads\/2023\/06\/radiestesia-pendulo-hebreo-1-14x12.png 14w\" sizes=\"auto, (max-width: 640px) 100vw, 640px\" \/><\/figure>\n<\/div>\n\n\n\n<div class=\"wp-block-column is-layout-flow wp-block-column-is-layout-flow\" style=\"flex-basis:66.66%\">\n<p style=\"font-size:17px\"><strong>El p\u00e9ndulo hebreo es una t\u00e9cnica de sanaci\u00f3n milenaria<\/strong><br>con la capacidad de transformar la energ\u00eda, que permite realizar un diagn\u00f3stico y aplicar un tratamiento.<\/p>\n\n\n\n<p style=\"font-size:17px\">Tambi\u00e9n conocido como el p\u00e9ndulo de la sanaci\u00f3n, es una terapia complementaria que contiene los beneficios de la radiestesia y la medicina vibracional.<\/p>\n\n\n\n<p style=\"font-size:17px\"><strong>La t\u00e9cnica complementa la radiestesia y la medicina vibracional<\/strong>.<\/p>\n<\/div>\n<\/div>\n\n\n\n<p style=\"font-size:17px;font-style:normal;font-weight:400\"><strong>Radiestesia<\/strong>: actividad que permite obtener respuestas concretas a partir de est\u00edmulos el\u00e9ctricos, magn\u00e9ticos y electromagn\u00e9ticos, que pueden ser percibidos y en ocasiones manejados por una persona.<\/p>\n\n\n\n<p style=\"font-size:17px;font-style:normal;font-weight:400\">Estas culturas milenarias, han descubierto que los \u00f3rganos de los seres vivos emiten una vibraci\u00f3n especial y cuando enferman la misma puede sufrir alteraciones. Esta terapia, proveniente del T\u00edbet, que tiene m\u00e1s de 7000 a\u00f1os trata de restaurar esas vibraciones para mejorar el estado de salud de las personas.<\/p>\n\n\n\n<p style=\"font-size:17px;font-style:normal;font-weight:400\"><strong>Verificar alteraciones en el campo electromagn\u00e9tico:<\/strong><\/p>\n\n\n\n<p style=\"font-size:17px;font-style:normal;font-weight:400\">Cordones energ\u00e9ticos, miasmas, magias, rituales, eliminar entidades de todo tipo, mal de ojo, limpiar y equilibrar nuestra Aura, equilibrar chakras, reponer nuestras deficiencias, limpiar nuestras impurezas recogidas a nivel f\u00edsico, emocional, mental, y espiritual. Una limpieza energ\u00e9tica profunda y cualquier tipo de sanaci\u00f3n que precise la persona.<\/p>\n\n\n\n<p class=\"has-black-color has-text-color\" style=\"font-size:18px\"><strong>\u00bfPara qu\u00e9 podemos usar el p\u00e9ndulo hebreo?<\/strong><\/p>\n\n\n\n<ul class=\"wp-block-list\">\n<li style=\"font-size:17px\">Para aportar una nueva codificaci\u00f3n a nuestra alma<\/li>\n\n\n\n<li style=\"font-size:17px\">Transformar dudas e incertidumbres<\/li>\n\n\n\n<li style=\"font-size:17px\">Tomar consciencia de nuestra vida y de la importancia del Esp\u00edritu<\/li>\n\n\n\n<li style=\"font-size:17px\">Liberar viejas creencias y limpiar recuerdos dolorosos<\/li>\n\n\n\n<li style=\"font-size:17px\">Usar una herramienta de crecimiento personal<\/li>\n\n\n\n<li style=\"font-size:17px\">Diagnosticar el desequilibrio antes de que se manifieste en el cuerpo f\u00edsico<\/li>\n\n\n\n<li style=\"font-size:17px\">Restablecer el equilibrio en todos los niveles<\/li>\n\n\n\n<li style=\"font-size:17px\">Medir, corregir, armonizar y reparar alteraciones f\u00edsicas, mentales y emocionales<\/li>\n\n\n\n<li style=\"font-size:17px\">Devolverle al cuerpo la buena circulaci\u00f3n energ\u00e9tica, liberando los bloqueos y reparando da\u00f1os<\/li>\n<\/ul>\n\n\n\n<p class=\"has-black-color has-text-color\" style=\"font-size:17px\"><strong>Los resultados son muy beneficiosos y efectivos en todos los aspectos.<\/strong><\/p>\n\n\n\n<p class=\"has-black-color has-text-color\" style=\"font-size:17px\"><strong>Esta t\u00e9cnica se puede realizar presencialmente y a distancia.<\/strong><\/p>\n\n\n\n<p><\/p>","protected":false},"excerpt":{"rendered":"<p>El p\u00e9ndulo hebreo es una t\u00e9cnica de sanaci\u00f3n milenariacon la capacidad de transformar la energ\u00eda, que permite realizar un diagn\u00f3stico y aplicar un tratamiento. Tambi\u00e9n conocido como el p\u00e9ndulo de [&hellip;]<\/p>","protected":false},"author":1,"featured_media":0,"parent":0,"menu_order":0,"comment_status":"closed","ping_status":"closed","template":"","meta":{"footnotes":""},"class_list":["post-954","page","type-page","status-publish","hentry"],"_links":{"self":[{"href":"https:\/\/www.angelsroca.com\/ca\/wp-json\/wp\/v2\/pages\/954","targetHints":{"allow":["GET"]}}],"collection":[{"href":"https:\/\/www.angelsroca.com\/ca\/wp-json\/wp\/v2\/pages"}],"about":[{"href":"https:\/\/www.angelsroca.com\/ca\/wp-json\/wp\/v2\/types\/page"}],"author":[{"embeddable":true,"href":"https:\/\/www.angelsroca.com\/ca\/wp-json\/wp\/v2\/users\/1"}],"replies":[{"embeddable":true,"href":"https:\/\/www.angelsroca.com\/ca\/wp-json\/wp\/v2\/comments?post=954"}],"version-history":[{"count":6,"href":"https:\/\/www.angelsroca.com\/ca\/wp-json\/wp\/v2\/pages\/954\/revisions"}],"predecessor-version":[{"id":1253,"href":"https:\/\/www.angelsroca.com\/ca\/wp-json\/wp\/v2\/pages\/954\/revisions\/1253"}],"wp:attachment":[{"href":"https:\/\/www.angelsroca.com\/ca\/wp-json\/wp\/v2\/media?parent=954"}],"curies":[{"name":"wp","href":"https:\/\/api.w.org\/{rel}","templated":true}]}}