{"id":13,"date":"2023-06-07T12:54:19","date_gmt":"2023-06-07T12:54:19","guid":{"rendered":"https:\/\/www.angelsroca.com\/?page_id=13"},"modified":"2023-06-21T10:10:55","modified_gmt":"2023-06-21T10:10:55","slug":"contactar","status":"publish","type":"page","link":"https:\/\/www.angelsroca.com\/ca\/contactar\/","title":{"rendered":"Contactar"},"content":{"rendered":"<div class=\"wp-block-image\">\n<figure class=\"aligncenter size-full is-resized\"><img loading=\"lazy\" decoding=\"async\" src=\"https:\/\/www.angelsroca.com\/wp-content\/uploads\/2023\/06\/reiki_02.jpg\" alt=\"\" class=\"wp-image-120\" width=\"556\" height=\"278\" srcset=\"https:\/\/www.angelsroca.com\/wp-content\/uploads\/2023\/06\/reiki_02.jpg 360w, https:\/\/www.angelsroca.com\/wp-content\/uploads\/2023\/06\/reiki_02-300x150.jpg 300w\" sizes=\"auto, (max-width: 556px) 100vw, 556px\" \/><\/figure>\n<\/div>\n\n\n<p><\/p>\n\n\n\n<p class=\"has-text-align-center\">Puedes ponerte en contacto conmigo a trav\u00e9s del correo electr\u00f3nico<\/p>\n\n\n\n<p class=\"has-text-align-center formato-email\" style=\"font-size:17px;\"><strong>angelsroca00@gmail.com<\/strong><\/p>\n<p class=\"has-text-align-center formato-email\" style=\"font-size:17px; font-family: Arial\"><strong>Tel\u00e9fono 606 346.023<\/strong><\/p>","protected":false},"excerpt":{"rendered":"<p>Puedes ponerte en contacto conmigo a trav\u00e9s del correo electr\u00f3nico angelsroca00@gmail.com Tel\u00e9fono 606 346.023<\/p>","protected":false},"author":1,"featured_media":0,"parent":0,"menu_order":0,"comment_status":"closed","ping_status":"closed","template":"","meta":{"footnotes":""},"class_list":["post-13","page","type-page","status-publish","hentry"],"_links":{"self":[{"href":"https:\/\/www.angelsroca.com\/ca\/wp-json\/wp\/v2\/pages\/13","targetHints":{"allow":["GET"]}}],"collection":[{"href":"https:\/\/www.angelsroca.com\/ca\/wp-json\/wp\/v2\/pages"}],"about":[{"href":"https:\/\/www.angelsroca.com\/ca\/wp-json\/wp\/v2\/types\/page"}],"author":[{"embeddable":true,"href":"https:\/\/www.angelsroca.com\/ca\/wp-json\/wp\/v2\/users\/1"}],"replies":[{"embeddable":true,"href":"https:\/\/www.angelsroca.com\/ca\/wp-json\/wp\/v2\/comments?post=13"}],"version-history":[{"count":11,"href":"https:\/\/www.angelsroca.com\/ca\/wp-json\/wp\/v2\/pages\/13\/revisions"}],"predecessor-version":[{"id":1289,"href":"https:\/\/www.angelsroca.com\/ca\/wp-json\/wp\/v2\/pages\/13\/revisions\/1289"}],"wp:attachment":[{"href":"https:\/\/www.angelsroca.com\/ca\/wp-json\/wp\/v2\/media?parent=13"}],"curies":[{"name":"wp","href":"https:\/\/api.w.org\/{rel}","templated":true}]}}