{"id":1045,"date":"2023-06-07T17:42:39","date_gmt":"2023-06-07T17:42:39","guid":{"rendered":"https:\/\/www.angelsroca.com\/?page_id=1045"},"modified":"2023-06-21T11:19:43","modified_gmt":"2023-06-21T11:19:43","slug":"curso-de-reiki-usui-tradicional-1o-nivel-shoden","status":"publish","type":"page","link":"https:\/\/www.angelsroca.com\/ca\/curso-de-reiki-usui-tradicional-1o-nivel-shoden\/","title":{"rendered":"Curso de Reiki Usui Tradicional \u2013 1\u00ba Nivel SHODEN"},"content":{"rendered":"<figure class=\"wp-block-image size-full\"><img loading=\"lazy\" decoding=\"async\" width=\"1008\" height=\"756\" src=\"https:\/\/www.angelsroca.com\/wp-content\/uploads\/2023\/06\/IMG_0076_XS.jpg\" alt=\"\" class=\"wp-image-516\" srcset=\"https:\/\/www.angelsroca.com\/wp-content\/uploads\/2023\/06\/IMG_0076_XS.jpg 1008w, https:\/\/www.angelsroca.com\/wp-content\/uploads\/2023\/06\/IMG_0076_XS-300x225.jpg 300w, https:\/\/www.angelsroca.com\/wp-content\/uploads\/2023\/06\/IMG_0076_XS-768x576.jpg 768w\" sizes=\"auto, (max-width: 1008px) 100vw, 1008px\" \/><\/figure>\n\n\n\n<p style=\"font-size:17px\">El camino del reiki transpersonal es simple, accesible a todo el mundo independientemente de la edad y no requiere ninguna cualificaci\u00f3n previa ni un talento especial.<\/p>\n\n\n\n<p style=\"font-size:17px\">Cualquier persona que lo desee puede acceder a hacer un curso de Reiki.<\/p>\n\n\n\n<p style=\"font-size:17px\"><strong>Es una herramienta de crecimiento personal.<\/strong><\/p>\n\n\n\n<p style=\"font-size:17px\">Reiki es una t\u00e9cnica curativa que consiste en la imposici\u00f3n de manos sobre una persona, facilitando la transmisi\u00f3n de energ\u00eda curativa de una forma f\u00e1cil, sencilla y natural.<strong><br><\/strong><br><strong>El primer nivel de Reiki se podr\u00eda definir como \u201cel despertar de la conciencia.<\/strong> <strong>Va dirigido a todas aquellas personas que deseen empezar a hacer cambios en su vida y no sabe c\u00f3mo.<\/strong><br><strong>Reiki te ayuda a sanar a nivel f\u00edsico, mental, emocional y espiritual, equilibrando y armonizando tus energ\u00edas, aportando un estado de bienestar general muy grande.<\/strong><\/p>\n\n\n\n<p style=\"font-size:17px\">Con el primer nivel de Reiki el <strong>maestro reactiva tu canal energ\u00e9tico<\/strong>, tomas conciencia del cuerpo energ\u00e9tico, y empiezas a poder canalizar Reiki tanto para ti mismo, como para los dem\u00e1s desde el primer d\u00eda, usando las t\u00e9cnicas y posiciones que se aprenden en la parte pr\u00e1ctica del curso, de una manera f\u00e1cil y sencilla.<br><\/p>\n\n\n\n<p class=\"has-black-color has-text-color\" style=\"font-size:18px;text-decoration:underline\"><strong>T\u00c9CNICAS DEL CURSO DE PRIMER NIVEL REIKI USUI<\/strong><\/p>\n\n\n\n<p class=\"has-black-color has-text-color\" style=\"font-size:18px\"><strong>PROGRAMACI\u00d3N DEL CURSO<\/strong><\/p>\n\n\n\n<ul class=\"wp-block-list\">\n<li style=\"font-size:17px\">Historia y linaje del Reiki desde su fundaci\u00f3n hasta la actualidad<\/li>\n\n\n\n<li style=\"font-size:16px\">Los Cinco Principios de Usui y c\u00f3mo reconducir las situaciones dif\u00edciles a trav\u00e9s de ellos, para conseguir una vida plena y feliz<\/li>\n\n\n\n<li style=\"font-size:16px\">Aprender\u00e1s a limpiar estancias, piedras, p\u00e9ndulos, joyas\u2026.<\/li>\n\n\n\n<li style=\"font-size:16px\">Tendr\u00e1s t\u00e9cnicas para limpiarte energ\u00e9ticamente y cargarte de energ\u00eda de una forma f\u00e1cil y pr\u00e1ctica<\/li>\n\n\n\n<li style=\"font-size:16px\">Entrega y aprendizaje del S\u00edmbolo Koriki<\/li>\n\n\n\n<li style=\"font-size:16px\">Iniciaci\u00f3n del S\u00edmbolo y como utilizarlo<\/li>\n\n\n\n<li style=\"font-size:16px\">Como compartir, fortalecer y usar la energ\u00eda Reiki<\/li>\n\n\n\n<li style=\"font-size:16px\">Podr\u00e1s utilizar la Energ\u00eda Reiki como protecci\u00f3n<\/li>\n\n\n\n<li style=\"font-size:16px\">Cargar con Reiki el agua, comida, los medicamentos, tratar animales, plantas, etc.<\/li>\n\n\n\n<li style=\"font-size:16px\">Ventajas del Reiki<\/li>\n\n\n\n<li style=\"font-size:16px\">Qu\u00e9 es el Reiki-ho y su esencia<\/li>\n\n\n\n<li style=\"font-size:16px\">Sanaci\u00f3n b\u00e1sica con Reiki<\/li>\n\n\n\n<li style=\"font-size:16px\">Como compartir, fortalecer y usar la energ\u00eda Reiki<\/li>\n\n\n\n<li style=\"font-size:16px\">Como usar las manos con la energ\u00eda Reiki<\/li>\n\n\n\n<li style=\"font-size:16px\">Como hacer una sesi\u00f3n de Reiki y las posiciones b\u00e1sicas<\/li>\n\n\n\n<li style=\"font-size:16px\">T\u00e9cnica de respiraci\u00f3n para reactivar los chakras<\/li>\n\n\n\n<li style=\"font-size:16px\">Qu\u00e9 informaci\u00f3n nos aporta cada chakra<\/li>\n\n\n\n<li style=\"font-size:16px\">Reiki en grupo<\/li>\n\n\n\n<li style=\"font-size:16px\">Reiki marat\u00f3n<\/li>\n\n\n\n<li style=\"font-size:16px\">C\u00edrculo de Reiki<\/li>\n\n\n\n<li style=\"font-size:16px\">T\u00e9cnica para sanar h\u00e1bitos<\/li>\n\n\n\n<li style=\"font-size:16px\">Limpieza del Aura<\/li>\n\n\n\n<li style=\"font-size:16px\">T\u00e9cnica de meditaci\u00f3n respiraci\u00f3n luminosa<\/li>\n\n\n\n<li style=\"font-size:16px\">T\u00e9cnica de meditaci\u00f3n Gasho<\/li>\n\n\n\n<li style=\"font-size:16px\">Purificaci\u00f3n de energ\u00eda negativa en objetos<\/li>\n<\/ul>\n\n\n\n<p class=\"has-black-color has-text-color\" style=\"font-size:17px\"><strong>En este curso de Primer Nivel \u2013 Shoden de Reiki Tradicional de Usui, incluye pr\u00e1cticas y<br>obtendr\u00e1s unmanual y un diploma con el sello de la Federaci\u00f3n espa\u00f1ola de Reiki.<\/strong><\/p>","protected":false},"excerpt":{"rendered":"<p>El camino del reiki transpersonal es simple, accesible a todo el mundo independientemente de la edad y no requiere ninguna cualificaci\u00f3n previa ni un talento especial. Cualquier persona que lo [&hellip;]<\/p>","protected":false},"author":1,"featured_media":0,"parent":0,"menu_order":0,"comment_status":"closed","ping_status":"closed","template":"","meta":{"footnotes":""},"class_list":["post-1045","page","type-page","status-publish","hentry"],"_links":{"self":[{"href":"https:\/\/www.angelsroca.com\/ca\/wp-json\/wp\/v2\/pages\/1045","targetHints":{"allow":["GET"]}}],"collection":[{"href":"https:\/\/www.angelsroca.com\/ca\/wp-json\/wp\/v2\/pages"}],"about":[{"href":"https:\/\/www.angelsroca.com\/ca\/wp-json\/wp\/v2\/types\/page"}],"author":[{"embeddable":true,"href":"https:\/\/www.angelsroca.com\/ca\/wp-json\/wp\/v2\/users\/1"}],"replies":[{"embeddable":true,"href":"https:\/\/www.angelsroca.com\/ca\/wp-json\/wp\/v2\/comments?post=1045"}],"version-history":[{"count":7,"href":"https:\/\/www.angelsroca.com\/ca\/wp-json\/wp\/v2\/pages\/1045\/revisions"}],"predecessor-version":[{"id":1296,"href":"https:\/\/www.angelsroca.com\/ca\/wp-json\/wp\/v2\/pages\/1045\/revisions\/1296"}],"wp:attachment":[{"href":"https:\/\/www.angelsroca.com\/ca\/wp-json\/wp\/v2\/media?parent=1045"}],"curies":[{"name":"wp","href":"https:\/\/api.w.org\/{rel}","templated":true}]}}