{"id":1022,"date":"2023-06-07T16:07:25","date_gmt":"2023-06-07T16:07:25","guid":{"rendered":"https:\/\/www.angelsroca.com\/?page_id=1022"},"modified":"2023-06-21T10:06:39","modified_gmt":"2023-06-21T10:06:39","slug":"limpiezas-energeticas-para-personas","status":"publish","type":"page","link":"https:\/\/www.angelsroca.com\/ca\/limpiezas-energeticas-para-personas\/","title":{"rendered":"Limpiezas Energ\u00e9ticas para personas"},"content":{"rendered":"<p style=\"font-size:17px\">A diario nos relacionamos con multitud de personas que tienen una influencia directa sobre nosotros, ya sea en nuestro lugar de trabajo, dentro de la familia o en nuestros c\u00edrculos sociales. Estas personan tienen el poder de hacernos sentir bien o bajarnos la energ\u00eda, especialmente si estamos frente a una persona muy negativa. Esta negatividad termina contagi\u00e1ndonos, afectando a nuestra autoestima y a nuestro estado de \u00e1nimo.<\/p>\n\n\n\n<div class=\"wp-block-columns is-layout-flex wp-container-core-columns-is-layout-9d6595d7 wp-block-columns-is-layout-flex\">\n<div class=\"wp-block-column is-layout-flow wp-block-column-is-layout-flow\" style=\"flex-basis:66.66%\">\n<p style=\"font-size:17px\">Esto puede afectar directamente a tu nivel de felicidad y bienestar. Tal vez no sea siempre posible alejarse de ese tipo de personas y hay que buscar formas de lidiar con ello y que no afecten a tu calidad de vida.<\/p>\n\n\n\n<p style=\"font-size:17px\"><strong>En estos casos es muy eficiente las limpiezas energ\u00e9ticas<\/strong>,<br>para poder eliminar todas estas negatividades que vamos adquiriendo en el d\u00eda a d\u00eda, las cuales te llevan a un estado de ansiedad y estr\u00e9s, cansancio o agotamiento sin motivos aparentes, dolor de cabeza, dolores estomacales o de garganta, a veces una presi\u00f3n fuerte en el pecho o cervicales y columna vertebral r\u00edgida.<\/p>\n\n\n\n<p style=\"font-size:17px\">Al limpiar y eliminar miasmas, entidades, limpiar tu Aura y restaurar tus energ\u00edas, equilibrar tus chakras te sentir\u00e1s m\u00e1s, centrado, tranquilo y con m\u00e1s vitalidad.<\/p>\n<\/div>\n\n\n\n<div class=\"wp-block-column is-layout-flow wp-block-column-is-layout-flow\" style=\"flex-basis:33.33%\">\n<figure class=\"wp-block-image size-full\"><img loading=\"lazy\" decoding=\"async\" width=\"880\" height=\"810\" src=\"https:\/\/www.angelsroca.com\/wp-content\/uploads\/2023\/06\/limpieza-energetica-personas.jpg\" alt=\"\" class=\"wp-image-455\" srcset=\"https:\/\/www.angelsroca.com\/wp-content\/uploads\/2023\/06\/limpieza-energetica-personas.jpg 880w, https:\/\/www.angelsroca.com\/wp-content\/uploads\/2023\/06\/limpieza-energetica-personas-300x276.jpg 300w, https:\/\/www.angelsroca.com\/wp-content\/uploads\/2023\/06\/limpieza-energetica-personas-768x707.jpg 768w\" sizes=\"auto, (max-width: 880px) 100vw, 880px\" \/><\/figure>\n<\/div>\n<\/div>\n\n\n\n<p style=\"font-size:17px\"><strong>Tendr\u00e1s una sensaci\u00f3n de liberaci\u00f3n y bienestar.<br>Estas terapias se realizan presenciales y a distancia.<\/strong><\/p>","protected":false},"excerpt":{"rendered":"<p>A diario nos relacionamos con multitud de personas que tienen una influencia directa sobre nosotros, ya sea en nuestro lugar de trabajo, dentro de la familia o en nuestros c\u00edrculos [&hellip;]<\/p>","protected":false},"author":1,"featured_media":0,"parent":0,"menu_order":0,"comment_status":"closed","ping_status":"closed","template":"","meta":{"footnotes":""},"class_list":["post-1022","page","type-page","status-publish","hentry"],"_links":{"self":[{"href":"https:\/\/www.angelsroca.com\/ca\/wp-json\/wp\/v2\/pages\/1022","targetHints":{"allow":["GET"]}}],"collection":[{"href":"https:\/\/www.angelsroca.com\/ca\/wp-json\/wp\/v2\/pages"}],"about":[{"href":"https:\/\/www.angelsroca.com\/ca\/wp-json\/wp\/v2\/types\/page"}],"author":[{"embeddable":true,"href":"https:\/\/www.angelsroca.com\/ca\/wp-json\/wp\/v2\/users\/1"}],"replies":[{"embeddable":true,"href":"https:\/\/www.angelsroca.com\/ca\/wp-json\/wp\/v2\/comments?post=1022"}],"version-history":[{"count":3,"href":"https:\/\/www.angelsroca.com\/ca\/wp-json\/wp\/v2\/pages\/1022\/revisions"}],"predecessor-version":[{"id":1282,"href":"https:\/\/www.angelsroca.com\/ca\/wp-json\/wp\/v2\/pages\/1022\/revisions\/1282"}],"wp:attachment":[{"href":"https:\/\/www.angelsroca.com\/ca\/wp-json\/wp\/v2\/media?parent=1022"}],"curies":[{"name":"wp","href":"https:\/\/api.w.org\/{rel}","templated":true}]}}